{"id":950,"date":"2016-07-15T14:19:20","date_gmt":"2016-07-15T14:19:20","guid":{"rendered":"http:\/\/test.kriesi.at\/enfold-medical\/?page_id=950"},"modified":"2019-11-21T19:48:11","modified_gmt":"2019-11-21T18:48:11","slug":"das-hotel","status":"publish","type":"page","link":"https:\/\/gartenhotel-luisental.com\/word\/en\/das-hotel\/","title":{"rendered":"Hotel"},"content":{"rendered":"<div id='av-layout-grid-1'  class='av-layout-grid-container entry-content-wrapper main_color av-flex-cells     avia-builder-el-0  el_before_av_section  avia-builder-el-first  container_wrap sidebar_right' style=' '  >\n<div class=\"flex_cell no_margin av_one_half  avia-builder-el-1  el_before_av_cell_one_half  avia-builder-el-first   avia-full-stretch \"  style='height:500px; min-height:500px;vertical-align:middle; padding:80px; background-color:#345265; ' ><div class='flex_cell_inner' ><p><div  style='padding-bottom:25px; color:#ffffff;font-size:34px;' class='av-special-heading av-special-heading-h3 custom-color-heading blockquote modern-quote  avia-builder-el-2  el_before_av_textblock  avia-builder-el-first  av-inherit-size '><div class ='av-subheading av-subheading_above av_custom_color ' style='font-size:15px;'><p>Herzlich Willkommen<\/p>\n<\/div><h3 class='av-special-heading-tag '  itemprop=\"headline\"  >im Gartenhotel Luisental<\/h3><div class='special-heading-border'><div class='special-heading-inner-border' style='border-color:#ffffff'><\/div><\/div><\/div><br \/>\n<section class=\"av_textblock_section \"  itemscope=\"itemscope\" itemtype=\"https:\/\/schema.org\/CreativeWork\" ><div class='avia_textblock  av_inherit_color '  style='color:#ffffff; '  itemprop=\"text\" ><p>Idyllisch im Gr\u00fcnen gelegen und trotzdem zentral bietet es Gesch\u00e4ftsleuten, Messebesuchern und Privatpersonen ideale Voraussetzungen sowohl f\u00fcr einen Businesstrip &#8211; als auch f\u00fcr einen entspannten Kurzurlaub.<\/p>\n<p>In 2 verschiedene Kategorien unterteilen sich unsere insgesamt 20 Zimmer. Sie unterscheiden sich durch Gr\u00f6\u00dfe und Lage:<\/p>\n<p>Unsere Standardzimmer sind zur Nebenstra\u00dfe gelegen und unsere Komfortzimmer zur ruhigen Gartenseite mit Blick ins Gr\u00fcne. Alle Zimmer sind warm und geschmackvoll eingerichtet und verf\u00fcgen \u00fcber eine hochwertige Ausstattung mit moderner Kommunikationstechnik.<\/p>\n<p>F\u00fcr einen guten Start in den Tag sorgt unser gesundes und leckeres Fr\u00fchst\u00fcck in unserem Wintergarten.<\/p>\n<p>An unserer kleinen Bar k\u00f6nnen Sie dann den Tag entspannt bei einem Glas Wein oder in den Sommermonaten auf der angrenzenden Terrasse ausklingen lassen.<\/p>\n<p>F\u00fcr den Hunger am Abend erwarten Sie fu\u00dfl\u00e4ufig Restaurants am Ruhrufer und in der Altstadt. Gerne ber\u00e4t Sie unser Team und nimmt f\u00fcr Sie die Tischreservierung vor.<\/p>\n<\/div><\/section><\/p>\n<\/div><\/div><div class=\"flex_cell no_margin av_one_half  avia-builder-el-4  el_after_av_cell_one_half  avia-builder-el-last   avia-full-stretch \"  style='height:500px; min-height:500px;background:url(https:\/\/gartenhotel-luisental.com\/word\/wp-content\/uploads\/2018\/01\/Aussenansicht_02-1.jpg) center center no-repeat scroll; vertical-align:middle; padding:80px; background-color:#345265; ' ><div class='flex_cell_inner' ><div class='flex_column_table av-equal-height-column-flextable -flextable' style='margin-top:20; margin-bottom:20; '><div class=\"flex_column av_one_full  av-animated-generic fade-in  no_margin flex_column_table_cell av-equal-height-column av-align-top first  avia-builder-el-5  avia-builder-el-no-sibling  \" style='padding:50; background-color:rgba(255,255,255,0.7); border-radius:0px; '><div  style='padding-bottom:25px; color:#000000;font-size:34px;' class='av-special-heading av-special-heading-h3 custom-color-heading blockquote modern-quote  avia-builder-el-6  avia-builder-el-no-sibling  av-inherit-size '><h3 class='av-special-heading-tag '  itemprop=\"headline\"  >DAS HOTEL<\/h3><div class ='av-subheading av-subheading_below av_custom_color ' style='font-size:15px;'><p>Klassisches Mobiliar, dezente Pastellfarben, warme H\u00f6lzer und zahlreiche Originalkunstwerke sorgen f\u00fcr eine heitere Atmosph\u00e4re<\/p>\n<\/div><div class='special-heading-border'><div class='special-heading-inner-border' style='border-color:#000000'><\/div><\/div><\/div><\/div><\/div><!--close column table wrapper. Autoclose: 1 -->\n<\/div><\/div><\/div><div id='av_section_1'  class='avia-section main_color avia-section-huge avia-no-border-styling  avia-bg-style-scroll  avia-builder-el-7  el_after_av_layout_row  el_before_av_layout_row   container_wrap sidebar_right' style=' '  ><div class='container' ><div class='template-page content  av-content-small alpha units'><div class='post-entry post-entry-type-page post-entry-950'><div class='entry-content-wrapper clearfix'>\n<div class=\"flex_column av_one_third  av-animated-generic bottom-to-top  flex_column_div av-zero-column-padding first  avia-builder-el-8  el_before_av_one_third  avia-builder-el-first  \" style='border-radius:0px; '><p><span  class=\"av_font_icon avia_animate_when_visible avia-icon-animate  av-icon-style-  avia-icon-pos-center \" style=\"color:#345265; border-color:#345265;\"><span class='av-icon-char' style='font-size:60px;line-height:60px;' aria-hidden='true' data-av_icon='\ue821' data-av_iconfont='entypo-fontello' ><\/span><\/span><br \/>\n<div  style='padding-bottom:20px; font-size:34px;' class='av-special-heading av-special-heading-h3  blockquote modern-quote modern-centered  avia-builder-el-10  el_after_av_font_icon  el_before_av_hr  av-inherit-size '><h3 class='av-special-heading-tag '  itemprop=\"headline\"  >Zimmer<\/h3><div class='special-heading-border'><div class='special-heading-inner-border' ><\/div><\/div><\/div><br \/>\n<div   class='hr hr-default   avia-builder-el-11  el_after_av_heading  el_before_av_image '><span class='hr-inner ' ><span class='hr-inner-style'><\/span><\/span><\/div><br \/>\n<div  class='avia-image-container  av-styling-    avia-builder-el-12  el_after_av_hr  el_before_av_hr  avia-align-center '  itemprop=\"image\" itemscope=\"itemscope\" itemtype=\"https:\/\/schema.org\/ImageObject\"  ><div class='avia-image-container-inner'><div class='avia-image-overlay-wrap'><img class='wp-image-291 avia-img-lazy-loading-not-291 avia_image' src='https:\/\/gartenhotel-luisental.com\/word\/wp-content\/uploads\/2018\/01\/Komfort-17_02-1.jpg' alt='' title='Komfort 17_02' height=\"1667\" width=\"2500\"  itemprop=\"thumbnailUrl\"  \/><\/div><\/div><\/div><br \/>\n<div   class='hr hr-default   avia-builder-el-13  el_after_av_image  el_before_av_textblock '><span class='hr-inner ' ><span class='hr-inner-style'><\/span><\/span><\/div><br \/>\n<section class=\"av_textblock_section \"  itemscope=\"itemscope\" itemtype=\"https:\/\/schema.org\/CreativeWork\" ><div class='avia_textblock  '   itemprop=\"text\" ><p style=\"text-align: justify;\">Unsere 20 Zimmer verf\u00fcgen \u00fcber eine hochwertige Ausstattung und Einrichtung. Die Standardzimmer sind zur Nebenstra\u00dfe gelegen und die Komfortzimmer zur ruhigen Gartenseite.<\/p>\n<p style=\"text-align: justify;\">Die Zimmergr\u00f6\u00dfe variiert von 18 &#8211; 30 qm<\/p>\n<\/div><\/section><\/p><\/div><div class=\"flex_column av_one_third  av-animated-generic bottom-to-top  flex_column_div av-zero-column-padding   avia-builder-el-15  el_after_av_one_third  el_before_av_one_third  \" style='border-radius:0px; '><p><span  class=\"av_font_icon avia_animate_when_visible avia-icon-animate  av-icon-style-  avia-icon-pos-center \" style=\"color:#345265; border-color:#345265;\"><span class='av-icon-char' style='font-size:60px;line-height:60px;' aria-hidden='true' data-av_icon='\ue808' data-av_iconfont='entypo-fontello' ><\/span><\/span><br \/>\n<div  style='padding-bottom:20px; font-size:34px;' class='av-special-heading av-special-heading-h3  blockquote modern-quote modern-centered  avia-builder-el-17  el_after_av_font_icon  el_before_av_hr  av-inherit-size '><h3 class='av-special-heading-tag '  itemprop=\"headline\"  >Fr\u00fchst\u00fcck<\/h3><div class='special-heading-border'><div class='special-heading-inner-border' ><\/div><\/div><\/div><br \/>\n<div   class='hr hr-default   avia-builder-el-18  el_after_av_heading  el_before_av_image '><span class='hr-inner ' ><span class='hr-inner-style'><\/span><\/span><\/div><br \/>\n<div  class='avia-image-container  av-styling-    avia-builder-el-19  el_after_av_hr  el_before_av_hr  avia-align-center '  itemprop=\"image\" itemscope=\"itemscope\" itemtype=\"https:\/\/schema.org\/ImageObject\"  ><div class='avia-image-container-inner'><div class='avia-image-overlay-wrap'><img class='wp-image-1542 avia-img-lazy-loading-not-1542 avia_image' src='https:\/\/gartenhotel-luisental.com\/word\/wp-content\/uploads\/2018\/07\/Fruehstueck_09.jpg' alt='' title='Fruehstueck_09' height=\"1669\" width=\"2500\"  itemprop=\"thumbnailUrl\"  \/><\/div><\/div><\/div><br \/>\n<div   class='hr hr-default   avia-builder-el-20  el_after_av_image  el_before_av_textblock '><span class='hr-inner ' ><span class='hr-inner-style'><\/span><\/span><\/div><br \/>\n<section class=\"av_textblock_section \"  itemscope=\"itemscope\" itemtype=\"https:\/\/schema.org\/CreativeWork\" ><div class='avia_textblock  '   itemprop=\"text\" ><p>Ein gesundes und leckeres Fr\u00fchst\u00fcck in unserem Wintergarten sorgt f\u00fcr einen guten Start in den Morgen.<\/p>\n<p>Abends k\u00f6nnen Sie an unserer kleinen Bar den Tag entspannt ausklingen lassen.<\/p>\n<\/div><\/section><\/p><\/div><div class=\"flex_column av_one_third  av-animated-generic bottom-to-top  flex_column_div av-zero-column-padding   avia-builder-el-22  el_after_av_one_third  avia-builder-el-last  \" style='border-radius:0px; '><p><span  class=\"av_font_icon avia_animate_when_visible avia-icon-animate  av-icon-style-  avia-icon-pos-center \" style=\"color:#345265; border-color:#345265;\"><span class='av-icon-char' style='font-size:60px;line-height:60px;' aria-hidden='true' data-av_icon='\ue81f' data-av_iconfont='entypo-fontello' ><\/span><\/span><br \/>\n<div  style='padding-bottom:20px; font-size:34px;' class='av-special-heading av-special-heading-h3  blockquote modern-quote modern-centered  avia-builder-el-24  el_after_av_font_icon  el_before_av_hr  av-inherit-size '><h3 class='av-special-heading-tag '  itemprop=\"headline\"  >Virtual Tour<\/h3><div class='special-heading-border'><div class='special-heading-inner-border' ><\/div><\/div><\/div><br \/>\n<div   class='hr hr-default   avia-builder-el-25  el_after_av_heading  el_before_av_image '><span class='hr-inner ' ><span class='hr-inner-style'><\/span><\/span><\/div><br \/>\n<div  class='avia-image-container  av-styling-    avia-builder-el-26  el_after_av_hr  el_before_av_hr  avia-align-center '  itemprop=\"image\" itemscope=\"itemscope\" itemtype=\"https:\/\/schema.org\/ImageObject\"  ><div class='avia-image-container-inner'><div class='avia-image-overlay-wrap'><img class='wp-image-279 avia-img-lazy-loading-not-279 avia_image' src='https:\/\/gartenhotel-luisental.com\/word\/wp-content\/uploads\/2018\/01\/Aussenansicht_01-1.jpg' alt='' title='Aussenansicht_01' height=\"1667\" width=\"2500\"  itemprop=\"thumbnailUrl\"  \/><\/div><\/div><\/div><br \/>\n<div   class='hr hr-default   avia-builder-el-27  el_after_av_image  el_before_av_textblock '><span class='hr-inner ' ><span class='hr-inner-style'><\/span><\/span><\/div><br \/>\n<section class=\"av_textblock_section \"  itemscope=\"itemscope\" itemtype=\"https:\/\/schema.org\/CreativeWork\" ><div class='avia_textblock  '   itemprop=\"text\" ><p style=\"text-align: justify;\">Erkunden Sie unser Hotel in einem kurzen Video.<\/p>\n<\/div><\/section><\/p><\/div>\n<\/p>\n<\/div><\/div><\/div><!-- close content main div --><\/div><\/div><div id='av-layout-grid-2'  class='av-layout-grid-container entry-content-wrapper main_color av-flex-cells     avia-builder-el-29  el_after_av_section  el_before_av_section  submenu-not-first container_wrap sidebar_right' style=' '  >\n<div class=\"flex_cell no_margin av_one_half  avia-builder-el-30  el_before_av_cell_one_half  avia-builder-el-first   avia-full-stretch av-zero-padding \"  style='height:500px; min-height:500px;background:url(https:\/\/gartenhotel-luisental.com\/word\/wp-content\/uploads\/2018\/01\/Terrasse_02-1.jpg) center center no-repeat scroll; vertical-align:middle; padding:0px; background-color:#345265; ' ><div class='flex_cell_inner' ><\/div><\/div><div class=\"flex_cell no_margin av_one_half  avia-builder-el-31  el_after_av_cell_one_half  avia-builder-el-last   \"  style='height:500px; min-height:500px;vertical-align:middle; padding:80px; background-color:#345265; ' ><div class='flex_cell_inner' ><p><div  style='padding-bottom:25px; color:#ffffff;font-size:34px;' class='av-special-heading av-special-heading-h3 custom-color-heading blockquote modern-quote  avia-builder-el-32  el_before_av_textblock  avia-builder-el-first  av-inherit-size '><h3 class='av-special-heading-tag '  itemprop=\"headline\"  >Lage<\/h3><div class='special-heading-border'><div class='special-heading-inner-border' style='border-color:#ffffff'><\/div><\/div><\/div><br \/>\n<section class=\"av_textblock_section \"  itemscope=\"itemscope\" itemtype=\"https:\/\/schema.org\/CreativeWork\" ><div class='avia_textblock  av_inherit_color '  style='color:#ffffff; '  itemprop=\"text\" ><p style=\"text-align: justify;\">M\u00fclheim an der Ruhr gilt als gr\u00fcne Oase im Revier. Das Gartenhotel liegt in einer ruhigen Seitenstra\u00dfe im Herzen der Stadt, nur 1 min von der Ruhrpromenade. Ideal zum Joggen, Wandern, Skaten etc.. Eine Fu\u00dfg\u00e4ngerbr\u00fccke f\u00fchrt zum Fitness- und Tenniscenter auf der anderen Flussseite. Zum Zentrum, Kino, Museum, Theater sind es 5 min.<\/p>\n<p style=\"text-align: justify;\">Ebenfalls zu Fu\u00df erreichbar: der gem\u00fctliche Altstadtkern und das historische Dorf Saarn mit seinen Fachwerkh\u00e4uschen nebst Kloster. Vom schnellen Espresso bis zur gehobenen Gastronomie &#8211; hier wird kulinarisch viel geboten.<\/p>\n<p style=\"text-align: justify;\">Die zentrale Verkehrsanbindung per A3, A40 und A52 machen das Hotel auch \u00fcber die Stadtgrenzen hinaus zum idealen Ausgangspunkt in Business und Freizeit. In 20 min haben Sie die D\u00fcsseldorfer und Essener Messe erreicht, in nur 50 min die Messe K\u00f6ln. Und in der direkten Umgebung bietet das moderne Ruhrgebiet eine einmalige Landschaft zwischen Industrie und Natur sowie eine metropolitane Vielfalt an Shopping, Kultur und Fun.<\/p>\n<\/div><\/section><\/p>\n<\/div><\/div>\n<\/div>\n<div id='av_section_2'  class='avia-section main_color avia-section-default avia-no-shadow  avia-bg-style-scroll  avia-builder-el-34  el_after_av_layout_row  avia-builder-el-last   container_wrap sidebar_right' style=' '  ><div class='container' ><div class='template-page content  av-content-small alpha units'><div class='post-entry post-entry-type-page post-entry-950'><div class='entry-content-wrapper clearfix'>\n<div  style='padding-bottom:10px; ' class='av-special-heading av-special-heading-h3  blockquote modern-quote  avia-builder-el-35  el_before_av_textblock  avia-builder-el-first  '><h3 class='av-special-heading-tag '  itemprop=\"headline\"  >VIDEOS <\/h3><div class='special-heading-border'><div class='special-heading-inner-border' ><\/div><\/div><\/div>\n<section class=\"av_textblock_section \"  itemscope=\"itemscope\" itemtype=\"https:\/\/schema.org\/CreativeWork\" ><div class='avia_textblock  '   itemprop=\"text\" ><p>Entdecken Sie unsere Hotel in diesem kurzen Video<\/p>\n<\/div><\/section>\n<div class=\"flex_column av_one_half  flex_column_div av-zero-column-padding first  avia-builder-el-37  el_after_av_textblock  el_before_av_one_half  column-top-margin\" style='border-radius:0px; '><div  class='avia-video avia-video-16-9 avia-video-html5  '   itemprop=\"video\" itemtype=\"https:\/\/schema.org\/VideoObject\"  data-original_url='http:\/\/gartenhotel-luisental.com\/word\/wp-content\/uploads\/2018\/01\/Film-Luisental.mp4' ><video class='avia_video'    preload=\"auto\"  controls id='player_950_2002032716_267099165'><source src=\"http:\/\/gartenhotel-luisental.com\/word\/wp-content\/uploads\/2018\/01\/Film-Luisental.mp4\" type=\"video\/mp4\" \/><\/video><\/div><\/div><div class=\"flex_column av_one_half  flex_column_div av-zero-column-padding   avia-builder-el-39  el_after_av_one_half  avia-builder-el-last  column-top-margin\" style='border-radius:0px; '><div  class='avia-video avia-video-16-9 avia-video-html5  '   itemprop=\"video\" itemtype=\"https:\/\/schema.org\/VideoObject\"  data-original_url='http:\/\/gartenhotel-luisental.com\/word\/wp-content\/uploads\/2018\/01\/luisental-02.mp4' ><video class='avia_video'    preload=\"auto\"  controls id='player_950_1280059120_1350805797'><source src=\"http:\/\/gartenhotel-luisental.com\/word\/wp-content\/uploads\/2018\/01\/luisental-02.mp4\" type=\"video\/mp4\" \/><\/video><\/div><\/div>\n<\/div><\/div><\/div><!-- close content main div --><\/div><\/div><div id='after_section_2'  class='main_color av_default_container_wrap container_wrap sidebar_right' style=' '  ><div class='container' ><div class='template-page content  av-content-small alpha units'><div class='post-entry post-entry-type-page post-entry-950'><div class='entry-content-wrapper clearfix'>\n","protected":false},"excerpt":{"rendered":"","protected":false},"author":1,"featured_media":0,"parent":0,"menu_order":0,"comment_status":"closed","ping_status":"closed","template":"","meta":[],"_links":{"self":[{"href":"https:\/\/gartenhotel-luisental.com\/word\/wp-json\/wp\/v2\/pages\/950"}],"collection":[{"href":"https:\/\/gartenhotel-luisental.com\/word\/wp-json\/wp\/v2\/pages"}],"about":[{"href":"https:\/\/gartenhotel-luisental.com\/word\/wp-json\/wp\/v2\/types\/page"}],"author":[{"embeddable":true,"href":"https:\/\/gartenhotel-luisental.com\/word\/wp-json\/wp\/v2\/users\/1"}],"replies":[{"embeddable":true,"href":"https:\/\/gartenhotel-luisental.com\/word\/wp-json\/wp\/v2\/comments?post=950"}],"version-history":[{"count":10,"href":"https:\/\/gartenhotel-luisental.com\/word\/wp-json\/wp\/v2\/pages\/950\/revisions"}],"predecessor-version":[{"id":1654,"href":"https:\/\/gartenhotel-luisental.com\/word\/wp-json\/wp\/v2\/pages\/950\/revisions\/1654"}],"wp:attachment":[{"href":"https:\/\/gartenhotel-luisental.com\/word\/wp-json\/wp\/v2\/media?parent=950"}],"curies":[{"name":"wp","href":"https:\/\/api.w.org\/{rel}","templated":true}]}}