{"id":1337,"date":"2018-01-21T16:28:33","date_gmt":"2018-01-21T15:28:33","guid":{"rendered":"http:\/\/gartenhotel-luisental.com\/word\/?page_id=1337"},"modified":"2018-04-30T10:25:54","modified_gmt":"2018-04-30T08:25:54","slug":"impressum","status":"publish","type":"page","link":"https:\/\/gartenhotel-luisental.com\/word\/impressum\/","title":{"rendered":"Impressum"},"content":{"rendered":"<div id='full_slider_1'  class='avia-fullwidth-slider main_color avia-shadow   avia-builder-el-0  el_before_av_heading  avia-builder-el-first   container_wrap sidebar_right' style=' '  ><div   data-size='featured'  data-lightbox_size='large'  data-animation='fade'  data-conditional_play=''  data-ids='280,279,269,1461,267,272,1487,1460'  data-video_counter='0'  data-autoplay='true'  data-bg_slider='false'  data-slide_height=''  data-handle='av_slideshow_full'  data-interval='5'  data-class=' '  data-el_id=''  data-css_id=''  data-scroll_down=''  data-control_layout='av-control-minimal'  data-custom_markup=''  data-perma_caption=''  data-autoplay_stopper=''  data-image_attachment=''  data-min_height='0px'  data-lazy_loading='disabled'  data-src=''  data-position='top left'  data-repeat='no-repeat'  data-attach='scroll'  data-stretch=''  data-default-height='28.6666666667'  class='avia-slideshow avia-slideshow-1  av-control-minimal av-default-height-applied avia-slideshow-featured av_slideshow_full   avia-fade-slider '  itemprop=\"image\" itemscope=\"itemscope\" itemtype=\"https:\/\/schema.org\/ImageObject\" ><ul class='avia-slideshow-inner ' style='padding-bottom: 28.6666666667%;' ><li  class=' slide-1 ' ><div data-rel='slideshow-1' class='avia-slide-wrap '   ><img class=\"wp-image-280 avia-img-lazy-loading-not-280\"  src='https:\/\/gartenhotel-luisental.com\/word\/wp-content\/uploads\/2018\/01\/Aussenansicht_02-1-1500x430.jpg' width='1500' height='430' title='Aussenansicht_02' alt=''  itemprop=\"thumbnailUrl\"   \/><\/div><\/li><li  class=' slide-2 ' ><div data-rel='slideshow-1' class='avia-slide-wrap '   ><img class=\"wp-image-279 avia-img-lazy-loading-not-279\"  src='https:\/\/gartenhotel-luisental.com\/word\/wp-content\/uploads\/2018\/01\/Aussenansicht_01-1-1500x430.jpg' width='1500' height='430' title='Aussenansicht_01' alt=''  itemprop=\"thumbnailUrl\"   \/><\/div><\/li><li  class=' slide-3 ' ><div data-rel='slideshow-1' class='avia-slide-wrap '   ><img class=\"wp-image-269 avia-img-lazy-loading-not-269\"  src='https:\/\/gartenhotel-luisental.com\/word\/wp-content\/uploads\/2018\/01\/Terrasse_02-1500x430.jpg' width='1500' height='430' title='Terrasse_02' alt=''  itemprop=\"thumbnailUrl\"   \/><\/div><\/li><li  class=' slide-4 ' ><div data-rel='slideshow-1' class='avia-slide-wrap '   ><img class=\"wp-image-1461 avia-img-lazy-loading-not-1461\"  src='https:\/\/gartenhotel-luisental.com\/word\/wp-content\/uploads\/2018\/02\/Empfang_02-Bearbeitet-1500x430.jpg' width='1500' height='430' title='Empfang_02-Bearbeitet' alt=''  itemprop=\"thumbnailUrl\"   \/><\/div><\/li><li  class=' slide-5 ' ><div data-rel='slideshow-1' class='avia-slide-wrap '   ><img class=\"wp-image-267 avia-img-lazy-loading-not-267\"  src='https:\/\/gartenhotel-luisental.com\/word\/wp-content\/uploads\/2018\/01\/Stimmung_01-1500x430.jpg' width='1500' height='430' title='Stimmung_01' alt=''  itemprop=\"thumbnailUrl\"   \/><\/div><\/li><li  class=' slide-6 ' ><div data-rel='slideshow-1' class='avia-slide-wrap '   ><img class=\"wp-image-272 avia-img-lazy-loading-not-272\"  src='https:\/\/gartenhotel-luisental.com\/word\/wp-content\/uploads\/2018\/01\/Treppe_02-1500x430.jpg' width='1500' height='430' title='Treppe_02' alt=''  itemprop=\"thumbnailUrl\"   \/><\/div><\/li><li  class=' slide-7 ' ><div data-rel='slideshow-1' class='avia-slide-wrap '   ><img class=\"wp-image-1487 avia-img-lazy-loading-not-1487\"  src='https:\/\/gartenhotel-luisental.com\/word\/wp-content\/uploads\/2018\/02\/Empfang_01-Bearbeitet-1500x430.jpg' width='1500' height='430' title='Empfang_01-Bearbeitet' alt=''  itemprop=\"thumbnailUrl\"   \/><\/div><\/li><li  class=' slide-8 ' ><div data-rel='slideshow-1' class='avia-slide-wrap '   ><img class=\"wp-image-1460 avia-img-lazy-loading-not-1460\"  src='https:\/\/gartenhotel-luisental.com\/word\/wp-content\/uploads\/2018\/02\/Flur_01-Bearbeitet-1500x430.jpg' width='1500' height='430' title='Flur_01-Bearbeitet' alt=''  itemprop=\"thumbnailUrl\"   \/><\/div><\/li><\/ul><div class='avia-slideshow-arrows avia-slideshow-controls'><a href='#prev' class='prev-slide' aria-hidden='true' data-av_icon='\ue87c' data-av_iconfont='entypo-fontello'>Zur\u00fcck<\/a><a href='#next' class='next-slide' aria-hidden='true' data-av_icon='\ue87d' data-av_iconfont='entypo-fontello'>Weiter<\/a><\/div><div class='avia-slideshow-dots avia-slideshow-controls'><a href='#1' class='goto-slide active' >1<\/a><a href='#2' class='goto-slide ' >2<\/a><a href='#3' class='goto-slide ' >3<\/a><a href='#4' class='goto-slide ' >4<\/a><a href='#5' class='goto-slide ' >5<\/a><a href='#6' class='goto-slide ' >6<\/a><a href='#7' class='goto-slide ' >7<\/a><a href='#8' class='goto-slide ' >8<\/a><\/div><\/div><\/div><div id='after_full_slider_1'  class='main_color av_default_container_wrap container_wrap sidebar_right' style=' '  ><div class='container' ><div class='template-page content  av-content-small alpha units'><div class='post-entry post-entry-type-page post-entry-1337'><div class='entry-content-wrapper clearfix'>\n<div  style='padding-bottom:10px; ' class='av-special-heading av-special-heading-h3  blockquote modern-quote  avia-builder-el-1  el_after_av_slideshow_full  el_before_av_textblock  avia-builder-el-first  '><h3 class='av-special-heading-tag '  itemprop=\"headline\"  >Impressum<\/h3><div class='special-heading-border'><div class='special-heading-inner-border' ><\/div><\/div><\/div>\n<section class=\"av_textblock_section \"  itemscope=\"itemscope\" itemtype=\"https:\/\/schema.org\/CreativeWork\" ><div class='avia_textblock  '   itemprop=\"text\" ><p><img loading=\"lazy\" class=\"alignnone size-full wp-image-1517\" src=\"http:\/\/gartenhotel-luisental.com\/word\/wp-content\/uploads\/2018\/04\/erecht24-siegel-impressum-rot.png\" alt=\"\" width=\"120\" height=\"156\" \/><br \/>\n\r\n\r\n<h2>Angaben gem\u00e4\u00df \u00a7 5 TMG:<\/h2>\r\n\r\n\r\n<h2>Kontakt:<\/h2>\r\n<p>Telefon: 0208\/992140<br \/>\r\nTelefax: 0208\/992150<br \/>\r\nE-Mail: info@gartenhotel-luisental.de<\/p>\r\n\r\n\r\n<h2>Umsatzsteuer:<\/h2>\r\n<p>Umsatzsteuer-Identifikationsnummer gem\u00e4\u00df \u00a727 a Umsatzsteuergesetz:<br \/>\r\n120347462<\/p>\r\n\r\n<h2>Angaben zur Berufshaftpflichtversicherung<\/h2>\r\n<p>Name und Sitz des Versicherers:<br \/>\r\nAXA<br>\r\nPostfach, 920147<br>\r\n51151 K\u00f6ln<br>\r\n<p>Geltungsraum der Versicherung: Deutschland<\/p>\r\n\r\n<h2>Streitschlichtung<\/h2>\r\n<p>Die Europ\u00e4ische Kommission stellt eine Plattform zur Online-Streitbeilegung (OS) bereit: <a href=\"https:\/\/ec.europa.eu\/consumers\/odr\" target=\"_blank\" rel=\"noopener\">https:\/\/ec.europa.eu\/consumers\/odr<\/a>.<br \/> Unsere E-Mail-Adresse finden Sie oben im Impressum.<\/p>\r\n\r\n<p>Wir sind nicht bereit oder verpflichtet, an Streitbeilegungsverfahren vor einer Verbraucherschlichtungsstelle teilzunehmen.<\/p>\r\n\r\n<h3>Haftung f\u00fcr Inhalte<\/h3> <p>Als Diensteanbieter sind wir gem\u00e4\u00df \u00a7 7 Abs.1 TMG f\u00fcr eigene Inhalte auf diesen Seiten nach den allgemeinen Gesetzen verantwortlich. Nach \u00a7\u00a7 8 bis 10 TMG sind wir als Diensteanbieter jedoch nicht verpflichtet, \u00fcbermittelte oder gespeicherte fremde Informationen zu \u00fcberwachen oder nach Umst\u00e4nden zu forschen, die auf eine rechtswidrige T\u00e4tigkeit hinweisen.<\/p> <p>Verpflichtungen zur Entfernung oder Sperrung der Nutzung von Informationen nach den allgemeinen Gesetzen bleiben hiervon unber\u00fchrt. Eine diesbez\u00fcgliche Haftung ist jedoch erst ab dem Zeitpunkt der Kenntnis einer konkreten Rechtsverletzung m\u00f6glich. Bei Bekanntwerden von entsprechenden Rechtsverletzungen werden wir diese Inhalte umgehend entfernen.<\/p> <h3>Haftung f\u00fcr Links<\/h3> <p>Unser Angebot enth\u00e4lt Links zu externen Websites Dritter, auf deren Inhalte wir keinen Einfluss haben. Deshalb k\u00f6nnen wir f\u00fcr diese fremden Inhalte auch keine Gew\u00e4hr \u00fcbernehmen. F\u00fcr die Inhalte der verlinkten Seiten ist stets der jeweilige Anbieter oder Betreiber der Seiten verantwortlich. Die verlinkten Seiten wurden zum Zeitpunkt der Verlinkung auf m\u00f6gliche Rechtsverst\u00f6\u00dfe \u00fcberpr\u00fcft. Rechtswidrige Inhalte waren zum Zeitpunkt der Verlinkung nicht erkennbar.<\/p> <p>Eine permanente inhaltliche Kontrolle der verlinkten Seiten ist jedoch ohne konkrete Anhaltspunkte einer Rechtsverletzung nicht zumutbar. Bei Bekanntwerden von Rechtsverletzungen werden wir derartige Links umgehend entfernen.<\/p> <h3>Urheberrecht<\/h3> <p>Die durch die Seitenbetreiber erstellten Inhalte und Werke auf diesen Seiten unterliegen dem deutschen Urheberrecht. Die Vervielf\u00e4ltigung, Bearbeitung, Verbreitung und jede Art der Verwertung au\u00dferhalb der Grenzen des Urheberrechtes bed\u00fcrfen der schriftlichen Zustimmung des jeweiligen Autors bzw. Erstellers. Downloads und Kopien dieser Seite sind nur f\u00fcr den privaten, nicht kommerziellen Gebrauch gestattet.<\/p> <p>Soweit die Inhalte auf dieser Seite nicht vom Betreiber erstellt wurden, werden die Urheberrechte Dritter beachtet. Insbesondere werden Inhalte Dritter als solche gekennzeichnet. Sollten Sie trotzdem auf eine Urheberrechtsverletzung aufmerksam werden, bitten wir um einen entsprechenden Hinweis. Bei Bekanntwerden von Rechtsverletzungen werden wir derartige Inhalte umgehend entfernen.<\/p><\/p>\n<\/div><\/section>\n","protected":false},"excerpt":{"rendered":"","protected":false},"author":1,"featured_media":0,"parent":0,"menu_order":0,"comment_status":"closed","ping_status":"closed","template":"","meta":[],"_links":{"self":[{"href":"https:\/\/gartenhotel-luisental.com\/word\/wp-json\/wp\/v2\/pages\/1337"}],"collection":[{"href":"https:\/\/gartenhotel-luisental.com\/word\/wp-json\/wp\/v2\/pages"}],"about":[{"href":"https:\/\/gartenhotel-luisental.com\/word\/wp-json\/wp\/v2\/types\/page"}],"author":[{"embeddable":true,"href":"https:\/\/gartenhotel-luisental.com\/word\/wp-json\/wp\/v2\/users\/1"}],"replies":[{"embeddable":true,"href":"https:\/\/gartenhotel-luisental.com\/word\/wp-json\/wp\/v2\/comments?post=1337"}],"version-history":[{"count":6,"href":"https:\/\/gartenhotel-luisental.com\/word\/wp-json\/wp\/v2\/pages\/1337\/revisions"}],"predecessor-version":[{"id":1519,"href":"https:\/\/gartenhotel-luisental.com\/word\/wp-json\/wp\/v2\/pages\/1337\/revisions\/1519"}],"wp:attachment":[{"href":"https:\/\/gartenhotel-luisental.com\/word\/wp-json\/wp\/v2\/media?parent=1337"}],"curies":[{"name":"wp","href":"https:\/\/api.w.org\/{rel}","templated":true}]}}